{"id":10735,"date":"2024-12-23T02:28:59","date_gmt":"2024-12-23T02:28:59","guid":{"rendered":"https:\/\/goldy-snacks.de\/product\/box-mensuelle\/"},"modified":"2024-12-23T02:28:59","modified_gmt":"2024-12-23T02:28:59","slug":"box-mensuelle","status":"publish","type":"product","link":"https:\/\/goldy-snacks.de\/fr\/product\/box-mensuelle\/","title":{"rendered":"Box Mensuelle"},"content":{"rendered":"","protected":false},"excerpt":{"rendered":"<p>Planifiez un anniversaire ou une f\u00eate ? Notre bo\u00eete mensuelle est parfaite pour partager lors d&#8217;occasions sp\u00e9ciales.<\/p>\n","protected":false},"featured_media":10548,"template":"","meta":[],"product_brand":[],"product_cat":[],"product_tag":[],"class_list":{"0":"post-10735","1":"product","2":"type-product","3":"status-publish","4":"has-post-thumbnail","7":"first","8":"outofstock","9":"purchasable","10":"product-type-simple"},"yoast_head":"<!-- This site is optimized with the Yoast SEO plugin v25.1 - https:\/\/yoast.com\/wordpress\/plugins\/seo\/ -->\n<title>Box Mensuelle - Goldy Snacks<\/title>\n<meta name=\"robots\" content=\"index, follow, max-snippet:-1, max-image-preview:large, max-video-preview:-1\" \/>\n<link rel=\"canonical\" href=\"https:\/\/goldy-snacks.de\/fr\/product\/box-mensuelle\/\" \/>\n<meta property=\"og:locale\" content=\"fr_FR\" \/>\n<meta property=\"og:type\" content=\"article\" \/>\n<meta property=\"og:title\" content=\"Box Mensuelle - Goldy Snacks\" \/>\n<meta property=\"og:description\" content=\"Planifiez un anniversaire ou une f\u00eate ? Notre bo\u00eete mensuelle est parfaite pour partager lors d&#039;occasions sp\u00e9ciales.\" \/>\n<meta property=\"og:url\" content=\"https:\/\/goldy-snacks.de\/fr\/product\/box-mensuelle\/\" \/>\n<meta property=\"og:site_name\" content=\"Goldy Snacks\" \/>\n<meta property=\"article:publisher\" content=\"https:\/\/www.facebook.com\/goldysnacks\" \/>\n<meta property=\"og:image\" content=\"https:\/\/goldy-snacks.de\/wp-content\/uploads\/2024\/12\/birthdaysnack-germany.png\" \/>\n\t<meta property=\"og:image:width\" content=\"800\" \/>\n\t<meta property=\"og:image:height\" content=\"582\" \/>\n\t<meta property=\"og:image:type\" content=\"image\/png\" \/>\n<meta name=\"twitter:card\" content=\"summary_large_image\" \/>\n<script type=\"application\/ld+json\" class=\"yoast-schema-graph\">{\"@context\":\"https:\/\/schema.org\",\"@graph\":[{\"@type\":\"WebPage\",\"@id\":\"https:\/\/goldy-snacks.de\/fr\/product\/box-mensuelle\/\",\"url\":\"https:\/\/goldy-snacks.de\/fr\/product\/box-mensuelle\/\",\"name\":\"Box Mensuelle - Goldy Snacks\",\"isPartOf\":{\"@id\":\"https:\/\/goldy-snacks.de\/fr\/#website\"},\"primaryImageOfPage\":{\"@id\":\"https:\/\/goldy-snacks.de\/fr\/product\/box-mensuelle\/#primaryimage\"},\"image\":{\"@id\":\"https:\/\/goldy-snacks.de\/fr\/product\/box-mensuelle\/#primaryimage\"},\"thumbnailUrl\":\"https:\/\/goldy-snacks.de\/wp-content\/uploads\/2024\/12\/birthdaysnack-germany.png\",\"datePublished\":\"2024-12-23T02:28:59+00:00\",\"breadcrumb\":{\"@id\":\"https:\/\/goldy-snacks.de\/fr\/product\/box-mensuelle\/#breadcrumb\"},\"inLanguage\":\"fr-FR\",\"potentialAction\":[{\"@type\":\"ReadAction\",\"target\":[\"https:\/\/goldy-snacks.de\/fr\/product\/box-mensuelle\/\"]}]},{\"@type\":\"ImageObject\",\"inLanguage\":\"fr-FR\",\"@id\":\"https:\/\/goldy-snacks.de\/fr\/product\/box-mensuelle\/#primaryimage\",\"url\":\"https:\/\/goldy-snacks.de\/wp-content\/uploads\/2024\/12\/birthdaysnack-germany.png\",\"contentUrl\":\"https:\/\/goldy-snacks.de\/wp-content\/uploads\/2024\/12\/birthdaysnack-germany.png\",\"width\":800,\"height\":582},{\"@type\":\"BreadcrumbList\",\"@id\":\"https:\/\/goldy-snacks.de\/fr\/product\/box-mensuelle\/#breadcrumb\",\"itemListElement\":[{\"@type\":\"ListItem\",\"position\":1,\"name\":\"Home\",\"item\":\"https:\/\/goldy-snacks.de\/fr\/\"},{\"@type\":\"ListItem\",\"position\":2,\"name\":\"Boutique\",\"item\":\"https:\/\/goldy-snacks.de\/fr\/shop\/\"},{\"@type\":\"ListItem\",\"position\":3,\"name\":\"Box Mensuelle\"}]},{\"@type\":\"WebSite\",\"@id\":\"https:\/\/goldy-snacks.de\/fr\/#website\",\"url\":\"https:\/\/goldy-snacks.de\/fr\/\",\"name\":\"Goldy Snacks\",\"description\":\"Knuspriger Genuss f\u00fcr alle Generationen!\",\"publisher\":{\"@id\":\"https:\/\/goldy-snacks.de\/fr\/#organization\"},\"potentialAction\":[{\"@type\":\"SearchAction\",\"target\":{\"@type\":\"EntryPoint\",\"urlTemplate\":\"https:\/\/goldy-snacks.de\/fr\/?s={search_term_string}\"},\"query-input\":{\"@type\":\"PropertyValueSpecification\",\"valueRequired\":true,\"valueName\":\"search_term_string\"}}],\"inLanguage\":\"fr-FR\"},{\"@type\":\"Organization\",\"@id\":\"https:\/\/goldy-snacks.de\/fr\/#organization\",\"name\":\"Goldy Snacks\",\"url\":\"https:\/\/goldy-snacks.de\/fr\/\",\"logo\":{\"@type\":\"ImageObject\",\"inLanguage\":\"fr-FR\",\"@id\":\"https:\/\/goldy-snacks.de\/fr\/#\/schema\/logo\/image\/\",\"url\":\"https:\/\/goldy-snacks.de\/wp-content\/uploads\/2024\/11\/logo.png\",\"contentUrl\":\"https:\/\/goldy-snacks.de\/wp-content\/uploads\/2024\/11\/logo.png\",\"width\":1000,\"height\":368,\"caption\":\"Goldy Snacks\"},\"image\":{\"@id\":\"https:\/\/goldy-snacks.de\/fr\/#\/schema\/logo\/image\/\"},\"sameAs\":[\"https:\/\/www.facebook.com\/goldysnacks\"]}]}<\/script>\n<!-- \/ Yoast SEO plugin. -->","yoast_head_json":{"title":"Box Mensuelle - Goldy Snacks","robots":{"index":"index","follow":"follow","max-snippet":"max-snippet:-1","max-image-preview":"max-image-preview:large","max-video-preview":"max-video-preview:-1"},"canonical":"https:\/\/goldy-snacks.de\/fr\/product\/box-mensuelle\/","og_locale":"fr_FR","og_type":"article","og_title":"Box Mensuelle - Goldy Snacks","og_description":"Planifiez un anniversaire ou une f\u00eate ? Notre bo\u00eete mensuelle est parfaite pour partager lors d'occasions sp\u00e9ciales.","og_url":"https:\/\/goldy-snacks.de\/fr\/product\/box-mensuelle\/","og_site_name":"Goldy Snacks","article_publisher":"https:\/\/www.facebook.com\/goldysnacks","og_image":[{"width":800,"height":582,"url":"https:\/\/goldy-snacks.de\/wp-content\/uploads\/2024\/12\/birthdaysnack-germany.png","type":"image\/png"}],"twitter_card":"summary_large_image","schema":{"@context":"https:\/\/schema.org","@graph":[{"@type":"WebPage","@id":"https:\/\/goldy-snacks.de\/fr\/product\/box-mensuelle\/","url":"https:\/\/goldy-snacks.de\/fr\/product\/box-mensuelle\/","name":"Box Mensuelle - Goldy Snacks","isPartOf":{"@id":"https:\/\/goldy-snacks.de\/fr\/#website"},"primaryImageOfPage":{"@id":"https:\/\/goldy-snacks.de\/fr\/product\/box-mensuelle\/#primaryimage"},"image":{"@id":"https:\/\/goldy-snacks.de\/fr\/product\/box-mensuelle\/#primaryimage"},"thumbnailUrl":"https:\/\/goldy-snacks.de\/wp-content\/uploads\/2024\/12\/birthdaysnack-germany.png","datePublished":"2024-12-23T02:28:59+00:00","breadcrumb":{"@id":"https:\/\/goldy-snacks.de\/fr\/product\/box-mensuelle\/#breadcrumb"},"inLanguage":"fr-FR","potentialAction":[{"@type":"ReadAction","target":["https:\/\/goldy-snacks.de\/fr\/product\/box-mensuelle\/"]}]},{"@type":"ImageObject","inLanguage":"fr-FR","@id":"https:\/\/goldy-snacks.de\/fr\/product\/box-mensuelle\/#primaryimage","url":"https:\/\/goldy-snacks.de\/wp-content\/uploads\/2024\/12\/birthdaysnack-germany.png","contentUrl":"https:\/\/goldy-snacks.de\/wp-content\/uploads\/2024\/12\/birthdaysnack-germany.png","width":800,"height":582},{"@type":"BreadcrumbList","@id":"https:\/\/goldy-snacks.de\/fr\/product\/box-mensuelle\/#breadcrumb","itemListElement":[{"@type":"ListItem","position":1,"name":"Home","item":"https:\/\/goldy-snacks.de\/fr\/"},{"@type":"ListItem","position":2,"name":"Boutique","item":"https:\/\/goldy-snacks.de\/fr\/shop\/"},{"@type":"ListItem","position":3,"name":"Box Mensuelle"}]},{"@type":"WebSite","@id":"https:\/\/goldy-snacks.de\/fr\/#website","url":"https:\/\/goldy-snacks.de\/fr\/","name":"Goldy Snacks","description":"Knuspriger Genuss f\u00fcr alle Generationen!","publisher":{"@id":"https:\/\/goldy-snacks.de\/fr\/#organization"},"potentialAction":[{"@type":"SearchAction","target":{"@type":"EntryPoint","urlTemplate":"https:\/\/goldy-snacks.de\/fr\/?s={search_term_string}"},"query-input":{"@type":"PropertyValueSpecification","valueRequired":true,"valueName":"search_term_string"}}],"inLanguage":"fr-FR"},{"@type":"Organization","@id":"https:\/\/goldy-snacks.de\/fr\/#organization","name":"Goldy Snacks","url":"https:\/\/goldy-snacks.de\/fr\/","logo":{"@type":"ImageObject","inLanguage":"fr-FR","@id":"https:\/\/goldy-snacks.de\/fr\/#\/schema\/logo\/image\/","url":"https:\/\/goldy-snacks.de\/wp-content\/uploads\/2024\/11\/logo.png","contentUrl":"https:\/\/goldy-snacks.de\/wp-content\/uploads\/2024\/11\/logo.png","width":1000,"height":368,"caption":"Goldy Snacks"},"image":{"@id":"https:\/\/goldy-snacks.de\/fr\/#\/schema\/logo\/image\/"},"sameAs":["https:\/\/www.facebook.com\/goldysnacks"]}]}},"_links":{"self":[{"href":"https:\/\/goldy-snacks.de\/fr\/wp-json\/wp\/v2\/product\/10735","targetHints":{"allow":["GET"]}}],"collection":[{"href":"https:\/\/goldy-snacks.de\/fr\/wp-json\/wp\/v2\/product"}],"about":[{"href":"https:\/\/goldy-snacks.de\/fr\/wp-json\/wp\/v2\/types\/product"}],"wp:featuredmedia":[{"embeddable":true,"href":"https:\/\/goldy-snacks.de\/fr\/wp-json\/wp\/v2\/media\/10548"}],"wp:attachment":[{"href":"https:\/\/goldy-snacks.de\/fr\/wp-json\/wp\/v2\/media?parent=10735"}],"wp:term":[{"taxonomy":"product_brand","embeddable":true,"href":"https:\/\/goldy-snacks.de\/fr\/wp-json\/wp\/v2\/product_brand?post=10735"},{"taxonomy":"product_cat","embeddable":true,"href":"https:\/\/goldy-snacks.de\/fr\/wp-json\/wp\/v2\/product_cat?post=10735"},{"taxonomy":"product_tag","embeddable":true,"href":"https:\/\/goldy-snacks.de\/fr\/wp-json\/wp\/v2\/product_tag?post=10735"}],"curies":[{"name":"wp","href":"https:\/\/api.w.org\/{rel}","templated":true}]}}