{"id":9856,"date":"2017-10-24T14:10:20","date_gmt":"2017-10-24T14:10:20","guid":{"rendered":"https:\/\/goldy-snacks.com\/contact\/"},"modified":"2025-02-06T19:02:26","modified_gmt":"2025-02-06T19:02:26","slug":"contact","status":"publish","type":"page","link":"https:\/\/goldy-snacks.de\/fr\/contact\/","title":{"rendered":"Contact"},"content":{"rendered":"<section id=\"bt_bb_section69e769b443bda\" class=\"bt_bb_section bt_bb_layout_wide bt_bb_vertical_align_top bt_bb_top_spacing_medium bt_bb_bottom_spacing_large\"  data-bt-override-class=\"{&quot;bt_bb_top_spacing_&quot;:{&quot;current_class&quot;:&quot;bt_bb_top_spacing_medium&quot;,&quot;xxl&quot;:&quot;medium&quot;},&quot;bt_bb_bottom_spacing_&quot;:{&quot;current_class&quot;:&quot;bt_bb_bottom_spacing_large&quot;,&quot;xxl&quot;:&quot;large&quot;}}\"><div class=\"bt_bb_background_image_holder_wrapper\"><div class=\"bt_bb_background_image_holder\"  data-parallax-zoom-start=\"1\" data-parallax-zoom-end=\"1\" data-parallax-blur-start=\"0\" data-parallax-blur-end=\"0\" data-parallax-opacity-start=\"1\" data-parallax-opacity-end=\"1\" style=\" background-image:url(&#039;https:\/\/goldy-snacks.de\/wp-content\/uploads\/2024\/10\/bg-02.png&#039;);\"><\/div><\/div><div class=\"bt_bb_port\"><div class=\"bt_bb_cell\"><div class=\"bt_bb_cell_inner\"><div class=\"bt_bb_row \"  data-bt-override-class=\"{}\"><div class=\"bt_bb_row_holder\" ><div  class=\"bt_bb_column col-xxl-6 col-xl-6 bt_bb_vertical_align_middle bt_bb_align_center bt_bb_padding_none bt_bb_animation_fade_in animate bt_bb_negative_margin_no bt_bb_highlighted_no\" style=\"; --column-width:6;\" data-width=\"6\" data-bt-override-class=\"{&quot;bt_bb_padding_&quot;:{&quot;current_class&quot;:&quot;bt_bb_padding_none&quot;,&quot;xxl&quot;:&quot;none&quot;}}\"><div class=\"bt_bb_column_content\"><div class=\"bt_bb_column_content_inner\"><div data-bb-version=\"5.1.6\" class=\"bt_bb_image bt_bb_shape_square bt_bb_align_inherit bt_bb_hover_style_simple bt_bb_content_display_always bt_bb_content_display_always\" data-bt-override-class=\"{&quot;bt_bb_align_&quot;:{&quot;current_class&quot;:&quot;bt_bb_align_inherit&quot;,&quot;xxl&quot;:&quot;inherit&quot;}}\"><span><img decoding=\"async\" src=\"https:\/\/goldy-snacks.de\/wp-content\/uploads\/2024\/11\/contact-bg1-640x721.png\" title=\"contact-bg1\" alt=\"https:\/\/goldy-snacks.de\/wp-content\/uploads\/2024\/11\/contact-bg1-640x721.png\"><\/span><\/div><div class=\" bt_bb_row_inner\"   data-bt-override-class=\"{}\"><div class=\"bt_bb_row_inner_holder\"  ><div  class=\"bt_bb_column_inner col-xxl-12 col-xl-12 col-xs-12 col-sm-12 col-md-12 col-lg-12 bt_bb_vertical_align_top bt_bb_align_left bt_bb_padding_normal\"  data-width=\"12\" data-bt-override-class=\"{}\"><div class=\"bt_bb_column_inner_content\"><div class=\"bt_bb_column_inner_content_inner\"><div data-bb-version=\"5.1.6\" class=\"bt_bb_image bt_bb_shape_square bt_bb_align_inherit bt_bb_hover_style_simple bt_bb_content_display_always bt_bb_content_display_always\" data-bt-override-class=\"{&quot;bt_bb_align_&quot;:{&quot;current_class&quot;:&quot;bt_bb_align_inherit&quot;,&quot;xxl&quot;:&quot;inherit&quot;}}\"><span><img decoding=\"async\" src=\"https:\/\/goldy-snacks.de\/wp-content\/uploads\/2024\/11\/contact-bg2-640x283.png\" title=\"contact-bg2\" alt=\"https:\/\/goldy-snacks.de\/wp-content\/uploads\/2024\/11\/contact-bg2-640x283.png\"><\/span><\/div><div class=\"bt_bb_separator bt_bb_border_style_none bt_bb_top_spacing_normal bt_bb_bottom_spacing_normal\" data-bt-override-class=\"{&quot;bt_bb_top_spacing_&quot;:{&quot;current_class&quot;:&quot;bt_bb_top_spacing_normal&quot;,&quot;xxl&quot;:&quot;normal&quot;},&quot;bt_bb_bottom_spacing_&quot;:{&quot;current_class&quot;:&quot;bt_bb_bottom_spacing_normal&quot;,&quot;xxl&quot;:&quot;normal&quot;}}\"><\/div><div class=\"bt_bb_separator bt_bb_border_style_none bt_bb_bottom_spacing_normal bt_bb_hidden_md bt_bb_hidden_lg\" data-bt-override-class=\"null\"><\/div><\/div><\/div><\/div><\/div><\/div><\/div><\/div><\/div><div  class=\"bt_bb_column col-xxl-6 col-xl-6 bt_bb_vertical_align_middle bt_bb_align_left bt_bb_padding_double bt_bb_animation_fade_in animate bt_bb_negative_margin_no bt_bb_highlighted_no\" style=\"; --column-width:6;\" data-width=\"6\" data-bt-override-class=\"{&quot;bt_bb_padding_&quot;:{&quot;current_class&quot;:&quot;bt_bb_padding_double&quot;,&quot;xxl&quot;:&quot;double&quot;}}\"><div class=\"bt_bb_column_content\"><div class=\"bt_bb_column_content_inner\"><header class=\"bt_bb_headline bt_bb_color_scheme_1 bt_bb_dash_none bt_bb_size_medium bt_bb_align_inherit\" style=\"; --primary-color:#ffffff; --secondary-color:#191919;\" data-bt-override-class=\"{&quot;bt_bb_size_&quot;:{&quot;current_class&quot;:&quot;bt_bb_size_medium&quot;,&quot;xxl&quot;:&quot;medium&quot;}}\"><h2 class=\"bt_bb_headline_tag\"><span class=\"bt_bb_headline_content\"><span>Contactez-nous<\/span><\/span><\/h2><\/header><header class=\"bt_bb_headline bt_bb_color_scheme_2 bt_bb_dash_none bt_bb_subheadline bt_bb_size_normal bt_bb_align_left\" style=\"; --primary-color:#191919; --secondary-color:#ffffff;;color:rgb(221,51,51);border-color:rgb(221,51,51);\" data-bt-override-class=\"{&quot;bt_bb_align_&quot;:{&quot;current_class&quot;:&quot;bt_bb_align_left&quot;,&quot;xxl&quot;:&quot;left&quot;}}\"><div class=\"bt_bb_headline_subheadline\">Avez-vous des questions, des retours, des suggestions ou souhaitez-vous nous contacter pour d'autres raisons ? Vous pouvez le faire ici ! Nous serions ravis de recevoir un message ou un appel de votre part !<\/div><\/header><div class=\"bt_bb_separator bt_bb_border_style_none bt_bb_top_spacing_small bt_bb_bottom_spacing_none\" data-bt-override-class=\"{&quot;bt_bb_top_spacing_&quot;:{&quot;current_class&quot;:&quot;bt_bb_top_spacing_small&quot;,&quot;xxl&quot;:&quot;small&quot;},&quot;bt_bb_bottom_spacing_&quot;:{&quot;current_class&quot;:&quot;bt_bb_bottom_spacing_none&quot;,&quot;xxl&quot;:&quot;none&quot;}}\"><\/div><div class=\"bt_bb_separator bt_bb_border_style_none bt_bb_top_spacing_normal bt_bb_bottom_spacing_normal\" data-bt-override-class=\"{&quot;bt_bb_top_spacing_&quot;:{&quot;current_class&quot;:&quot;bt_bb_top_spacing_normal&quot;,&quot;xxl&quot;:&quot;normal&quot;},&quot;bt_bb_bottom_spacing_&quot;:{&quot;current_class&quot;:&quot;bt_bb_bottom_spacing_normal&quot;,&quot;xxl&quot;:&quot;normal&quot;}}\"><\/div><div class=\" bt_bb_row_inner\"   data-bt-override-class=\"{}\"><div class=\"bt_bb_row_inner_holder\"  ><div  class=\"bt_bb_column_inner col-xxl-12 col-xl-12 col-xs-12 col-sm-12 col-md-12 col-lg-12 bt_bb_vertical_align_top bt_bb_align_left bt_bb_padding_double\"  data-width=\"12\" data-bt-override-class=\"{&quot;bt_bb_padding_&quot;:{&quot;current_class&quot;:&quot;bt_bb_padding_double&quot;,&quot;xxl&quot;:&quot;double&quot;}}\"><div class=\"bt_bb_column_inner_content\"><div class=\"bt_bb_column_inner_content_inner\"><div class=\"bt_bb_service bt_bb_color_scheme_1 bt_bb_style_borderless bt_bb_title_size_normal bt_bb_size_large bt_bb_shape_circle bt_bb_align_left\" style=\"; --primary-color:#ffffff; --secondary-color:#191919;\" data-bt-override-class=\"{&quot;bt_bb_size_&quot;:{&quot;current_class&quot;:&quot;bt_bb_size_large&quot;,&quot;xxl&quot;:&quot;large&quot;}}\"><a href=\"mailto:\" target=\"_self\"  title=\"_self\"  data-ico-fontawesome=\"&#xf0e0;\" class=\"bt_bb_icon_holder\"><\/a><div class=\"bt_bb_service_content\"><div class=\"bt_bb_service_content_title\"><a href=\"mailto:\" target=\"_self\"><\/a><\/div><div class=\"bt_bb_service_content_text\">info@goldy-snacks.com<\/div><\/div><\/div><div class=\"bt_bb_separator bt_bb_border_style_none bt_bb_top_spacing_extra_small bt_bb_bottom_spacing_normal\" data-bt-override-class=\"{&quot;bt_bb_top_spacing_&quot;:{&quot;current_class&quot;:&quot;bt_bb_top_spacing_extra_small&quot;,&quot;xxl&quot;:&quot;extra_small&quot;},&quot;bt_bb_bottom_spacing_&quot;:{&quot;current_class&quot;:&quot;bt_bb_bottom_spacing_normal&quot;,&quot;xxl&quot;:&quot;normal&quot;}}\"><\/div><div class=\"bt_bb_service bt_bb_color_scheme_6 bt_bb_style_borderless bt_bb_title_size_normal bt_bb_size_large bt_bb_shape_circle bt_bb_align_left\" style=\"; --primary-color:#ffffff; --secondary-color:#ee3441;\" data-bt-override-class=\"{&quot;bt_bb_size_&quot;:{&quot;current_class&quot;:&quot;bt_bb_size_large&quot;,&quot;xxl&quot;:&quot;large&quot;}}\"><span  data-ico-basic=\"&#xf157;\" class=\"bt_bb_icon_holder\"><\/span><div class=\"bt_bb_service_content\"><div class=\"bt_bb_service_content_title\"><\/div><div class=\"bt_bb_service_content_text\">CH\/FR +41 79 121 27 21<br \/><br \/>\nCH\/DE +41 76 427 04 14<br \/><br \/>\nDE +49 179 742 87 09<\/div><\/div><\/div><div class=\"bt_bb_separator bt_bb_border_style_none bt_bb_bottom_spacing_normal bt_bb_hidden_md bt_bb_hidden_lg\" data-bt-override-class=\"null\"><\/div><\/div><\/div><\/div><\/div><\/div><\/div><\/div><\/div><\/div><\/div><\/div><!-- cell_inner --><\/div><!-- cell --><\/div><!-- port --><\/section>\n","protected":false},"excerpt":{"rendered":"","protected":false},"author":1,"featured_media":10618,"parent":0,"menu_order":0,"comment_status":"closed","ping_status":"closed","template":"","meta":{"footnotes":""},"class_list":["post-9856","page","type-page","status-publish","has-post-thumbnail","hentry"],"yoast_head":"<!-- This site is optimized with the Yoast SEO plugin v25.1 - https:\/\/yoast.com\/wordpress\/plugins\/seo\/ -->\n<title>Contactez Goldy Snacks \u2013 Votre fournisseur de snacks en Allemagne<\/title>\n<meta name=\"description\" content=\"Vous avez des questions sur nos snacks de ma\u00efs v\u00e9g\u00e9taux ? Contactez Goldy Snacks \u2013 votre fournisseur de snacks de confiance en Allemagne. Nous serons heureux de r\u00e9pondre \u00e0 toutes vos demandes concernant les commandes ou produits.\" \/>\n<meta name=\"robots\" content=\"index, follow, max-snippet:-1, max-image-preview:large, max-video-preview:-1\" \/>\n<link rel=\"canonical\" href=\"https:\/\/goldy-snacks.de\/fr\/contact\/\" \/>\n<meta property=\"og:locale\" content=\"fr_FR\" \/>\n<meta property=\"og:type\" content=\"article\" \/>\n<meta property=\"og:title\" content=\"Contactez Goldy Snacks \u2013 Votre fournisseur de snacks en Allemagne\" \/>\n<meta property=\"og:description\" content=\"Vous avez des questions sur nos snacks de ma\u00efs v\u00e9g\u00e9taux ? Contactez Goldy Snacks \u2013 votre fournisseur de snacks de confiance en Allemagne. Nous serons heureux de r\u00e9pondre \u00e0 toutes vos demandes concernant les commandes ou produits.\" \/>\n<meta property=\"og:url\" content=\"https:\/\/goldy-snacks.de\/fr\/contact\/\" \/>\n<meta property=\"og:site_name\" content=\"Goldy Snacks\" \/>\n<meta property=\"article:publisher\" content=\"https:\/\/www.facebook.com\/goldysnacks\" \/>\n<meta property=\"article:modified_time\" content=\"2025-02-06T19:02:26+00:00\" \/>\n<meta property=\"og:image\" content=\"https:\/\/goldy-snacks.de\/wp-content\/uploads\/2025\/01\/Party-snack-germany.jpg\" \/>\n\t<meta property=\"og:image:width\" content=\"800\" \/>\n\t<meta property=\"og:image:height\" content=\"448\" \/>\n\t<meta property=\"og:image:type\" content=\"image\/jpeg\" \/>\n<meta name=\"twitter:card\" content=\"summary_large_image\" \/>\n<meta name=\"twitter:label1\" content=\"Dur\u00e9e de lecture estim\u00e9e\" \/>\n\t<meta name=\"twitter:data1\" content=\"1 minute\" \/>\n<script type=\"application\/ld+json\" class=\"yoast-schema-graph\">{\"@context\":\"https:\/\/schema.org\",\"@graph\":[{\"@type\":\"WebPage\",\"@id\":\"https:\/\/goldy-snacks.de\/fr\/contact\/\",\"url\":\"https:\/\/goldy-snacks.de\/fr\/contact\/\",\"name\":\"Contactez Goldy Snacks \u2013 Votre fournisseur de snacks en Allemagne\",\"isPartOf\":{\"@id\":\"https:\/\/goldy-snacks.de\/fr\/#website\"},\"primaryImageOfPage\":{\"@id\":\"https:\/\/goldy-snacks.de\/fr\/contact\/#primaryimage\"},\"image\":{\"@id\":\"https:\/\/goldy-snacks.de\/fr\/contact\/#primaryimage\"},\"thumbnailUrl\":\"https:\/\/goldy-snacks.de\/wp-content\/uploads\/2025\/01\/Party-snack-germany.jpg\",\"datePublished\":\"2017-10-24T14:10:20+00:00\",\"dateModified\":\"2025-02-06T19:02:26+00:00\",\"description\":\"Vous avez des questions sur nos snacks de ma\u00efs v\u00e9g\u00e9taux ? Contactez Goldy Snacks \u2013 votre fournisseur de snacks de confiance en Allemagne. Nous serons heureux de r\u00e9pondre \u00e0 toutes vos demandes concernant les commandes ou produits.\",\"breadcrumb\":{\"@id\":\"https:\/\/goldy-snacks.de\/fr\/contact\/#breadcrumb\"},\"inLanguage\":\"fr-FR\",\"potentialAction\":[{\"@type\":\"ReadAction\",\"target\":[\"https:\/\/goldy-snacks.de\/fr\/contact\/\"]}]},{\"@type\":\"ImageObject\",\"inLanguage\":\"fr-FR\",\"@id\":\"https:\/\/goldy-snacks.de\/fr\/contact\/#primaryimage\",\"url\":\"https:\/\/goldy-snacks.de\/wp-content\/uploads\/2025\/01\/Party-snack-germany.jpg\",\"contentUrl\":\"https:\/\/goldy-snacks.de\/wp-content\/uploads\/2025\/01\/Party-snack-germany.jpg\",\"width\":800,\"height\":448},{\"@type\":\"BreadcrumbList\",\"@id\":\"https:\/\/goldy-snacks.de\/fr\/contact\/#breadcrumb\",\"itemListElement\":[{\"@type\":\"ListItem\",\"position\":1,\"name\":\"Home\",\"item\":\"https:\/\/goldy-snacks.de\/fr\/\"},{\"@type\":\"ListItem\",\"position\":2,\"name\":\"Contact\"}]},{\"@type\":\"WebSite\",\"@id\":\"https:\/\/goldy-snacks.de\/fr\/#website\",\"url\":\"https:\/\/goldy-snacks.de\/fr\/\",\"name\":\"Goldy Snacks\",\"description\":\"Knuspriger Genuss f\u00fcr alle Generationen!\",\"publisher\":{\"@id\":\"https:\/\/goldy-snacks.de\/fr\/#organization\"},\"potentialAction\":[{\"@type\":\"SearchAction\",\"target\":{\"@type\":\"EntryPoint\",\"urlTemplate\":\"https:\/\/goldy-snacks.de\/fr\/?s={search_term_string}\"},\"query-input\":{\"@type\":\"PropertyValueSpecification\",\"valueRequired\":true,\"valueName\":\"search_term_string\"}}],\"inLanguage\":\"fr-FR\"},{\"@type\":\"Organization\",\"@id\":\"https:\/\/goldy-snacks.de\/fr\/#organization\",\"name\":\"Goldy Snacks\",\"url\":\"https:\/\/goldy-snacks.de\/fr\/\",\"logo\":{\"@type\":\"ImageObject\",\"inLanguage\":\"fr-FR\",\"@id\":\"https:\/\/goldy-snacks.de\/fr\/#\/schema\/logo\/image\/\",\"url\":\"https:\/\/goldy-snacks.de\/wp-content\/uploads\/2024\/11\/logo.png\",\"contentUrl\":\"https:\/\/goldy-snacks.de\/wp-content\/uploads\/2024\/11\/logo.png\",\"width\":1000,\"height\":368,\"caption\":\"Goldy Snacks\"},\"image\":{\"@id\":\"https:\/\/goldy-snacks.de\/fr\/#\/schema\/logo\/image\/\"},\"sameAs\":[\"https:\/\/www.facebook.com\/goldysnacks\"]}]}<\/script>\n<!-- \/ Yoast SEO plugin. -->","yoast_head_json":{"title":"Contactez Goldy Snacks \u2013 Votre fournisseur de snacks en Allemagne","description":"Vous avez des questions sur nos snacks de ma\u00efs v\u00e9g\u00e9taux ? Contactez Goldy Snacks \u2013 votre fournisseur de snacks de confiance en Allemagne. Nous serons heureux de r\u00e9pondre \u00e0 toutes vos demandes concernant les commandes ou produits.","robots":{"index":"index","follow":"follow","max-snippet":"max-snippet:-1","max-image-preview":"max-image-preview:large","max-video-preview":"max-video-preview:-1"},"canonical":"https:\/\/goldy-snacks.de\/fr\/contact\/","og_locale":"fr_FR","og_type":"article","og_title":"Contactez Goldy Snacks \u2013 Votre fournisseur de snacks en Allemagne","og_description":"Vous avez des questions sur nos snacks de ma\u00efs v\u00e9g\u00e9taux ? Contactez Goldy Snacks \u2013 votre fournisseur de snacks de confiance en Allemagne. Nous serons heureux de r\u00e9pondre \u00e0 toutes vos demandes concernant les commandes ou produits.","og_url":"https:\/\/goldy-snacks.de\/fr\/contact\/","og_site_name":"Goldy Snacks","article_publisher":"https:\/\/www.facebook.com\/goldysnacks","article_modified_time":"2025-02-06T19:02:26+00:00","og_image":[{"width":800,"height":448,"url":"https:\/\/goldy-snacks.de\/wp-content\/uploads\/2025\/01\/Party-snack-germany.jpg","type":"image\/jpeg"}],"twitter_card":"summary_large_image","twitter_misc":{"Dur\u00e9e de lecture estim\u00e9e":"1 minute"},"schema":{"@context":"https:\/\/schema.org","@graph":[{"@type":"WebPage","@id":"https:\/\/goldy-snacks.de\/fr\/contact\/","url":"https:\/\/goldy-snacks.de\/fr\/contact\/","name":"Contactez Goldy Snacks \u2013 Votre fournisseur de snacks en Allemagne","isPartOf":{"@id":"https:\/\/goldy-snacks.de\/fr\/#website"},"primaryImageOfPage":{"@id":"https:\/\/goldy-snacks.de\/fr\/contact\/#primaryimage"},"image":{"@id":"https:\/\/goldy-snacks.de\/fr\/contact\/#primaryimage"},"thumbnailUrl":"https:\/\/goldy-snacks.de\/wp-content\/uploads\/2025\/01\/Party-snack-germany.jpg","datePublished":"2017-10-24T14:10:20+00:00","dateModified":"2025-02-06T19:02:26+00:00","description":"Vous avez des questions sur nos snacks de ma\u00efs v\u00e9g\u00e9taux ? Contactez Goldy Snacks \u2013 votre fournisseur de snacks de confiance en Allemagne. Nous serons heureux de r\u00e9pondre \u00e0 toutes vos demandes concernant les commandes ou produits.","breadcrumb":{"@id":"https:\/\/goldy-snacks.de\/fr\/contact\/#breadcrumb"},"inLanguage":"fr-FR","potentialAction":[{"@type":"ReadAction","target":["https:\/\/goldy-snacks.de\/fr\/contact\/"]}]},{"@type":"ImageObject","inLanguage":"fr-FR","@id":"https:\/\/goldy-snacks.de\/fr\/contact\/#primaryimage","url":"https:\/\/goldy-snacks.de\/wp-content\/uploads\/2025\/01\/Party-snack-germany.jpg","contentUrl":"https:\/\/goldy-snacks.de\/wp-content\/uploads\/2025\/01\/Party-snack-germany.jpg","width":800,"height":448},{"@type":"BreadcrumbList","@id":"https:\/\/goldy-snacks.de\/fr\/contact\/#breadcrumb","itemListElement":[{"@type":"ListItem","position":1,"name":"Home","item":"https:\/\/goldy-snacks.de\/fr\/"},{"@type":"ListItem","position":2,"name":"Contact"}]},{"@type":"WebSite","@id":"https:\/\/goldy-snacks.de\/fr\/#website","url":"https:\/\/goldy-snacks.de\/fr\/","name":"Goldy Snacks","description":"Knuspriger Genuss f\u00fcr alle Generationen!","publisher":{"@id":"https:\/\/goldy-snacks.de\/fr\/#organization"},"potentialAction":[{"@type":"SearchAction","target":{"@type":"EntryPoint","urlTemplate":"https:\/\/goldy-snacks.de\/fr\/?s={search_term_string}"},"query-input":{"@type":"PropertyValueSpecification","valueRequired":true,"valueName":"search_term_string"}}],"inLanguage":"fr-FR"},{"@type":"Organization","@id":"https:\/\/goldy-snacks.de\/fr\/#organization","name":"Goldy Snacks","url":"https:\/\/goldy-snacks.de\/fr\/","logo":{"@type":"ImageObject","inLanguage":"fr-FR","@id":"https:\/\/goldy-snacks.de\/fr\/#\/schema\/logo\/image\/","url":"https:\/\/goldy-snacks.de\/wp-content\/uploads\/2024\/11\/logo.png","contentUrl":"https:\/\/goldy-snacks.de\/wp-content\/uploads\/2024\/11\/logo.png","width":1000,"height":368,"caption":"Goldy Snacks"},"image":{"@id":"https:\/\/goldy-snacks.de\/fr\/#\/schema\/logo\/image\/"},"sameAs":["https:\/\/www.facebook.com\/goldysnacks"]}]}},"_links":{"self":[{"href":"https:\/\/goldy-snacks.de\/fr\/wp-json\/wp\/v2\/pages\/9856","targetHints":{"allow":["GET"]}}],"collection":[{"href":"https:\/\/goldy-snacks.de\/fr\/wp-json\/wp\/v2\/pages"}],"about":[{"href":"https:\/\/goldy-snacks.de\/fr\/wp-json\/wp\/v2\/types\/page"}],"author":[{"embeddable":true,"href":"https:\/\/goldy-snacks.de\/fr\/wp-json\/wp\/v2\/users\/1"}],"replies":[{"embeddable":true,"href":"https:\/\/goldy-snacks.de\/fr\/wp-json\/wp\/v2\/comments?post=9856"}],"version-history":[{"count":16,"href":"https:\/\/goldy-snacks.de\/fr\/wp-json\/wp\/v2\/pages\/9856\/revisions"}],"predecessor-version":[{"id":10895,"href":"https:\/\/goldy-snacks.de\/fr\/wp-json\/wp\/v2\/pages\/9856\/revisions\/10895"}],"wp:featuredmedia":[{"embeddable":true,"href":"https:\/\/goldy-snacks.de\/fr\/wp-json\/wp\/v2\/media\/10618"}],"wp:attachment":[{"href":"https:\/\/goldy-snacks.de\/fr\/wp-json\/wp\/v2\/media?parent=9856"}],"curies":[{"name":"wp","href":"https:\/\/api.w.org\/{rel}","templated":true}]}}